{"id":194,"date":"2024-07-11T14:42:59","date_gmt":"2024-07-11T12:42:59","guid":{"rendered":"https:\/\/reciclatuspilas.com\/unapiladerazones\/?page_id=194"},"modified":"2024-07-11T14:43:00","modified_gmt":"2024-07-11T12:43:00","slug":"contacto","status":"publish","type":"page","link":"https:\/\/reciclatuspilas.com\/unapiladerazones\/contacto\/","title":{"rendered":"Contacto"},"content":{"rendered":"<div class=\"wpforms-container wpforms-container-full wpforms-block wpforms-block-518c6f5e-1e36-4b28-aa72-d569cf233daa wpforms-render-modern\" id=\"wpforms-21\"><form id=\"wpforms-form-21\" class=\"wpforms-validate wpforms-form wpforms-ajax-form\" data-formid=\"21\" method=\"post\" enctype=\"multipart\/form-data\" action=\"\/unapiladerazones\/wp-json\/wp\/v2\/pages\/194\" data-token=\"6dde47a2468cb034a43127674639154d\" data-token-time=\"1777434392\"><noscript class=\"wpforms-error-noscript\">Por favor, activa JavaScript en tu navegador para completar este formulario.<\/noscript><div id=\"wpforms-error-noscript\" style=\"display: none;\">Por favor, activa JavaScript en tu navegador para completar este formulario.<\/div><div class=\"wpforms-field-container\"><div id=\"wpforms-21-field_0-container\" class=\"wpforms-field wpforms-field-name\" data-field-id=\"0\"><fieldset><legend class=\"wpforms-field-label\">Nombre <span class=\"wpforms-required-label\" aria-hidden=\"true\">*<\/span><\/legend><div class=\"wpforms-field-row wpforms-field-large\"><div class=\"wpforms-field-row-block wpforms-first wpforms-one-half\"><input type=\"text\" id=\"wpforms-21-field_0\" class=\"wpforms-field-name-first wpforms-field-required\" name=\"wpforms[fields][0][first]\" aria-errormessage=\"wpforms-21-field_0-error\" required><label for=\"wpforms-21-field_0\" class=\"wpforms-field-sublabel after\">Nombre<\/label><\/div><div class=\"wpforms-field-row-block wpforms-one-half\"><input type=\"text\" id=\"wpforms-21-field_0-last\" class=\"wpforms-field-name-last wpforms-field-required\" name=\"wpforms[fields][0][last]\" aria-errormessage=\"wpforms-21-field_0-last-error\" required><label for=\"wpforms-21-field_0-last\" class=\"wpforms-field-sublabel after\">Apellidos<\/label><\/div><\/div><\/fieldset><\/div><div id=\"wpforms-21-field_1-container\" class=\"wpforms-field wpforms-field-email\" data-field-id=\"1\"><label class=\"wpforms-field-label\" for=\"wpforms-21-field_1\">Correo electr\u00f3nico <span class=\"wpforms-required-label\" aria-hidden=\"true\">*<\/span><\/label><input type=\"email\" id=\"wpforms-21-field_1\" class=\"wpforms-field-large wpforms-field-required\" name=\"wpforms[fields][1]\" spellcheck=\"false\" aria-errormessage=\"wpforms-21-field_1-error\" required><\/div><div id=\"wpforms-21-field_2-container\" class=\"wpforms-field wpforms-field-textarea\" data-field-id=\"2\"><label class=\"wpforms-field-label\" for=\"wpforms-21-field_2\">Comentario o mensaje<\/label><textarea id=\"wpforms-21-field_2\" class=\"wpforms-field-medium\" name=\"wpforms[fields][2]\" aria-errormessage=\"wpforms-21-field_2-error\" ><\/textarea><\/div><div id=\"wpforms-21-field_3-container\" class=\"wpforms-field wpforms-field-checkbox\" data-field-id=\"3\"><fieldset><legend class=\"wpforms-field-label wpforms-label-hide\" aria-hidden=\"false\">Pol\u00edtica de privacidad<\/legend><ul id=\"wpforms-21-field_3\"><li class=\"choice-1 depth-1\"><input type=\"checkbox\" id=\"wpforms-21-field_3_1\" name=\"wpforms[fields][3][]\" value=\"He le\u00eddo y acepto la &lt;a href=&quot;\/unapiladerazones\/politica-de-privacidad&quot;&gt;pol\u00edtica de privacidad&lt;\/a&gt;\" aria-errormessage=\"wpforms-21-field_3_1-error\"  ><label class=\"wpforms-field-label-inline\" for=\"wpforms-21-field_3_1\">He le\u00eddo y acepto la <a href=\"\/unapiladerazones\/politica-de-privacidad\">pol\u00edtica de privacidad<\/a><\/label><\/li><\/ul><\/fieldset><\/div><\/div><!-- .wpforms-field-container --><div class=\"wpforms-recaptcha-container wpforms-is-recaptcha wpforms-is-recaptcha-type-v2\" ><div class=\"g-recaptcha\" data-sitekey=\"6Le49p8UAAAAABVKFqzAtk6eIOY9HObZbD8EzI-B\"><\/div><input type=\"text\" name=\"g-recaptcha-hidden\" class=\"wpforms-recaptcha-hidden\" style=\"position:absolute!important;clip:rect(0,0,0,0)!important;height:1px!important;width:1px!important;border:0!important;overflow:hidden!important;padding:0!important;margin:0!important;\" data-rule-recaptcha=\"1\"><\/div><div class=\"wpforms-submit-container\" ><input type=\"hidden\" name=\"wpforms[id]\" value=\"21\"><input type=\"hidden\" name=\"page_title\" value=\"\"><input type=\"hidden\" name=\"page_url\" value=\"https:\/\/reciclatuspilas.com\/unapiladerazones\/wp-json\/wp\/v2\/pages\/194\"><input type=\"hidden\" name=\"url_referer\" value=\"\"><button type=\"submit\" name=\"wpforms[submit]\" id=\"wpforms-submit-21\" class=\"wpforms-submit\" data-alt-text=\"Enviando...\" data-submit-text=\"Enviar\" aria-live=\"assertive\" value=\"wpforms-submit\">Enviar<\/button><img loading=\"lazy\" decoding=\"async\" src=\"https:\/\/reciclatuspilas.com\/unapiladerazones\/wp-content\/plugins\/wpforms-lite\/assets\/images\/submit-spin.svg\" class=\"wpforms-submit-spinner\" style=\"display: none;\" width=\"26\" height=\"26\" alt=\"Cargando\"><\/div><\/form><\/div>  <!-- .wpforms-container -->\n\n\n<p class=\"has-small-font-size\">Responsable: Recicla Tus Pilas Andaluc\u00eda<br>Dir. postal: Calle O&#8217;Donnell 10B, planta 4. 41001 Sevilla.<br>Tel\u00e9fono: 955 412 277<br>Correo electr\u00f3nico:\u00a0<a href=\"mailto:comunicacion@raeeandalucia.es\">comunicacion@reciclatuspilas.com<\/a><br>En nombre de la empresa tratamos la informaci\u00f3n que nos facilita con el fin de prestarles el servicio solicitado. Los datos proporcionados se conservar\u00e1n mientras se mantenga la relaci\u00f3n comercial o durante los a\u00f1os necesarios para cumplir con las obligaciones legales. Los datos no se ceder\u00e1n a terceros salvo en los casos en que exista una obligaci\u00f3n legal. Usted tiene derecho a obtener confirmaci\u00f3n sobre si en Recicla Tus Pilas Andaluc\u00eda estamos tratando sus datos personales, por tanto tiene derecho a acceder a sus datos personales, rectificar los datos inexactos o solicitar su supresi\u00f3n cuando los datos ya no sean necesarios.<\/p>\n","protected":false},"excerpt":{"rendered":"<p>Responsable: Recicla Tus Pilas Andaluc\u00edaDir. postal: Calle O&#8217;Donnell 10B, planta 4. 41001 Sevilla.Tel\u00e9fono: 955 412 277Correo electr\u00f3nico:\u00a0comunicacion@reciclatuspilas.comEn nombre de la empresa tratamos la informaci\u00f3n que nos facilita con el fin [&hellip;]<\/p>\n","protected":false},"author":1,"featured_media":0,"parent":0,"menu_order":0,"comment_status":"closed","ping_status":"closed","template":"","meta":{"_genesis_hide_title":false,"_genesis_hide_breadcrumbs":false,"_genesis_hide_singular_image":false,"_genesis_hide_footer_widgets":false,"_genesis_custom_body_class":"","_genesis_custom_post_class":"","_genesis_layout":"","_EventAllDay":false,"_EventTimezone":"","_EventStartDate":"","_EventEndDate":"","_EventStartDateUTC":"","_EventEndDateUTC":"","_EventShowMap":false,"_EventShowMapLink":false,"_EventURL":"","_EventCost":"","_EventCostDescription":"","_EventCurrencySymbol":"","_EventCurrencyCode":"","_EventCurrencyPosition":"","_EventDateTimeSeparator":"","_EventTimeRangeSeparator":"","_EventOrganizerID":[],"_EventVenueID":[],"_OrganizerEmail":"","_OrganizerPhone":"","_OrganizerWebsite":"","_VenueAddress":"","_VenueCity":"","_VenueCountry":"","_VenueProvince":"","_VenueState":"","_VenueZip":"","_VenuePhone":"","_VenueURL":"","_VenueStateProvince":"","_VenueLat":"","_VenueLng":"","_VenueShowMap":false,"_VenueShowMapLink":false,"footnotes":""},"class_list":["post-194","page","type-page","status-publish","entry","one-third"],"yoast_head":"<!-- This site is optimized with the Yoast SEO plugin v26.2 - https:\/\/yoast.com\/wordpress\/plugins\/seo\/ -->\n<title>Contacto - Una Pila de Razones<\/title>\n<meta name=\"robots\" content=\"index, follow, max-snippet:-1, max-image-preview:large, max-video-preview:-1\" \/>\n<link rel=\"canonical\" href=\"https:\/\/reciclatuspilas.com\/unapiladerazones\/contacto\/\" \/>\n<meta property=\"og:locale\" content=\"es_ES\" \/>\n<meta property=\"og:type\" content=\"article\" \/>\n<meta property=\"og:title\" content=\"Contacto - Una Pila de Razones\" \/>\n<meta property=\"og:description\" content=\"Responsable: Recicla Tus Pilas Andaluc\u00edaDir. postal: Calle O&#8217;Donnell 10B, planta 4. 41001 Sevilla.Tel\u00e9fono: 955 412 277Correo electr\u00f3nico:\u00a0comunicacion@reciclatuspilas.comEn nombre de la empresa tratamos la informaci\u00f3n que nos facilita con el fin [&hellip;]\" \/>\n<meta property=\"og:url\" content=\"https:\/\/reciclatuspilas.com\/unapiladerazones\/contacto\/\" \/>\n<meta property=\"og:site_name\" content=\"Una Pila de Razones\" \/>\n<meta property=\"article:publisher\" content=\"https:\/\/www.facebook.com\/ReciclatuspilasAndalucia\" \/>\n<meta property=\"article:modified_time\" content=\"2024-07-11T12:43:00+00:00\" \/>\n<meta name=\"twitter:card\" content=\"summary_large_image\" \/>\n<meta name=\"twitter:site\" content=\"@ReciclaPilasAnd\" \/>\n<meta name=\"twitter:label1\" content=\"Tiempo de lectura\" \/>\n\t<meta name=\"twitter:data1\" content=\"1 minuto\" \/>\n<script type=\"application\/ld+json\" class=\"yoast-schema-graph\">{\"@context\":\"https:\/\/schema.org\",\"@graph\":[{\"@type\":\"WebPage\",\"@id\":\"https:\/\/reciclatuspilas.com\/unapiladerazones\/contacto\/\",\"url\":\"https:\/\/reciclatuspilas.com\/unapiladerazones\/contacto\/\",\"name\":\"Contacto - Una Pila de Razones\",\"isPartOf\":{\"@id\":\"https:\/\/reciclatuspilas.com\/unapiladerazones\/#website\"},\"datePublished\":\"2024-07-11T12:42:59+00:00\",\"dateModified\":\"2024-07-11T12:43:00+00:00\",\"breadcrumb\":{\"@id\":\"https:\/\/reciclatuspilas.com\/unapiladerazones\/contacto\/#breadcrumb\"},\"inLanguage\":\"es\",\"potentialAction\":[{\"@type\":\"ReadAction\",\"target\":[\"https:\/\/reciclatuspilas.com\/unapiladerazones\/contacto\/\"]}]},{\"@type\":\"BreadcrumbList\",\"@id\":\"https:\/\/reciclatuspilas.com\/unapiladerazones\/contacto\/#breadcrumb\",\"itemListElement\":[{\"@type\":\"ListItem\",\"position\":1,\"name\":\"Portada\",\"item\":\"https:\/\/reciclatuspilas.com\/unapiladerazones\/\"},{\"@type\":\"ListItem\",\"position\":2,\"name\":\"Contacto\"}]},{\"@type\":\"WebSite\",\"@id\":\"https:\/\/reciclatuspilas.com\/unapiladerazones\/#website\",\"url\":\"https:\/\/reciclatuspilas.com\/unapiladerazones\/\",\"name\":\"Una Pila de Razones\",\"description\":\"Recicla Tus Pilas Andaluc\u00eda\",\"publisher\":{\"@id\":\"https:\/\/reciclatuspilas.com\/unapiladerazones\/#organization\"},\"potentialAction\":[{\"@type\":\"SearchAction\",\"target\":{\"@type\":\"EntryPoint\",\"urlTemplate\":\"https:\/\/reciclatuspilas.com\/unapiladerazones\/?s={search_term_string}\"},\"query-input\":{\"@type\":\"PropertyValueSpecification\",\"valueRequired\":true,\"valueName\":\"search_term_string\"}}],\"inLanguage\":\"es\"},{\"@type\":\"Organization\",\"@id\":\"https:\/\/reciclatuspilas.com\/unapiladerazones\/#organization\",\"name\":\"Una Pila de Razones\",\"url\":\"https:\/\/reciclatuspilas.com\/unapiladerazones\/\",\"logo\":{\"@type\":\"ImageObject\",\"inLanguage\":\"es\",\"@id\":\"https:\/\/reciclatuspilas.com\/unapiladerazones\/#\/schema\/logo\/image\/\",\"url\":\"https:\/\/reciclatuspilas.com\/unapiladerazones\/wp-content\/uploads\/2024\/07\/main-title-blue.svg\",\"contentUrl\":\"https:\/\/reciclatuspilas.com\/unapiladerazones\/wp-content\/uploads\/2024\/07\/main-title-blue.svg\",\"width\":1,\"height\":1,\"caption\":\"Una Pila de Razones\"},\"image\":{\"@id\":\"https:\/\/reciclatuspilas.com\/unapiladerazones\/#\/schema\/logo\/image\/\"},\"sameAs\":[\"https:\/\/www.facebook.com\/ReciclatuspilasAndalucia\",\"https:\/\/x.com\/ReciclaPilasAnd\",\"https:\/\/www.instagram.com\/reciclatuspilasandalucia\",\"https:\/\/www.linkedin.com\/company\/19140274\",\"https:\/\/www.youtube.com\/channel\/UCKufkPoVxtZ0YNca9GgLTZQ\"]}]}<\/script>\n<!-- \/ Yoast SEO plugin. -->","yoast_head_json":{"title":"Contacto - Una Pila de Razones","robots":{"index":"index","follow":"follow","max-snippet":"max-snippet:-1","max-image-preview":"max-image-preview:large","max-video-preview":"max-video-preview:-1"},"canonical":"https:\/\/reciclatuspilas.com\/unapiladerazones\/contacto\/","og_locale":"es_ES","og_type":"article","og_title":"Contacto - Una Pila de Razones","og_description":"Responsable: Recicla Tus Pilas Andaluc\u00edaDir. postal: Calle O&#8217;Donnell 10B, planta 4. 41001 Sevilla.Tel\u00e9fono: 955 412 277Correo electr\u00f3nico:\u00a0comunicacion@reciclatuspilas.comEn nombre de la empresa tratamos la informaci\u00f3n que nos facilita con el fin [&hellip;]","og_url":"https:\/\/reciclatuspilas.com\/unapiladerazones\/contacto\/","og_site_name":"Una Pila de Razones","article_publisher":"https:\/\/www.facebook.com\/ReciclatuspilasAndalucia","article_modified_time":"2024-07-11T12:43:00+00:00","twitter_card":"summary_large_image","twitter_site":"@ReciclaPilasAnd","twitter_misc":{"Tiempo de lectura":"1 minuto"},"schema":{"@context":"https:\/\/schema.org","@graph":[{"@type":"WebPage","@id":"https:\/\/reciclatuspilas.com\/unapiladerazones\/contacto\/","url":"https:\/\/reciclatuspilas.com\/unapiladerazones\/contacto\/","name":"Contacto - Una Pila de Razones","isPartOf":{"@id":"https:\/\/reciclatuspilas.com\/unapiladerazones\/#website"},"datePublished":"2024-07-11T12:42:59+00:00","dateModified":"2024-07-11T12:43:00+00:00","breadcrumb":{"@id":"https:\/\/reciclatuspilas.com\/unapiladerazones\/contacto\/#breadcrumb"},"inLanguage":"es","potentialAction":[{"@type":"ReadAction","target":["https:\/\/reciclatuspilas.com\/unapiladerazones\/contacto\/"]}]},{"@type":"BreadcrumbList","@id":"https:\/\/reciclatuspilas.com\/unapiladerazones\/contacto\/#breadcrumb","itemListElement":[{"@type":"ListItem","position":1,"name":"Portada","item":"https:\/\/reciclatuspilas.com\/unapiladerazones\/"},{"@type":"ListItem","position":2,"name":"Contacto"}]},{"@type":"WebSite","@id":"https:\/\/reciclatuspilas.com\/unapiladerazones\/#website","url":"https:\/\/reciclatuspilas.com\/unapiladerazones\/","name":"Una Pila de Razones","description":"Recicla Tus Pilas Andaluc\u00eda","publisher":{"@id":"https:\/\/reciclatuspilas.com\/unapiladerazones\/#organization"},"potentialAction":[{"@type":"SearchAction","target":{"@type":"EntryPoint","urlTemplate":"https:\/\/reciclatuspilas.com\/unapiladerazones\/?s={search_term_string}"},"query-input":{"@type":"PropertyValueSpecification","valueRequired":true,"valueName":"search_term_string"}}],"inLanguage":"es"},{"@type":"Organization","@id":"https:\/\/reciclatuspilas.com\/unapiladerazones\/#organization","name":"Una Pila de Razones","url":"https:\/\/reciclatuspilas.com\/unapiladerazones\/","logo":{"@type":"ImageObject","inLanguage":"es","@id":"https:\/\/reciclatuspilas.com\/unapiladerazones\/#\/schema\/logo\/image\/","url":"https:\/\/reciclatuspilas.com\/unapiladerazones\/wp-content\/uploads\/2024\/07\/main-title-blue.svg","contentUrl":"https:\/\/reciclatuspilas.com\/unapiladerazones\/wp-content\/uploads\/2024\/07\/main-title-blue.svg","width":1,"height":1,"caption":"Una Pila de Razones"},"image":{"@id":"https:\/\/reciclatuspilas.com\/unapiladerazones\/#\/schema\/logo\/image\/"},"sameAs":["https:\/\/www.facebook.com\/ReciclatuspilasAndalucia","https:\/\/x.com\/ReciclaPilasAnd","https:\/\/www.instagram.com\/reciclatuspilasandalucia","https:\/\/www.linkedin.com\/company\/19140274","https:\/\/www.youtube.com\/channel\/UCKufkPoVxtZ0YNca9GgLTZQ"]}]}},"featured_image_src":null,"featured_image_src_square":null,"_links":{"self":[{"href":"https:\/\/reciclatuspilas.com\/unapiladerazones\/wp-json\/wp\/v2\/pages\/194","targetHints":{"allow":["GET"]}}],"collection":[{"href":"https:\/\/reciclatuspilas.com\/unapiladerazones\/wp-json\/wp\/v2\/pages"}],"about":[{"href":"https:\/\/reciclatuspilas.com\/unapiladerazones\/wp-json\/wp\/v2\/types\/page"}],"author":[{"embeddable":true,"href":"https:\/\/reciclatuspilas.com\/unapiladerazones\/wp-json\/wp\/v2\/users\/1"}],"replies":[{"embeddable":true,"href":"https:\/\/reciclatuspilas.com\/unapiladerazones\/wp-json\/wp\/v2\/comments?post=194"}],"version-history":[{"count":1,"href":"https:\/\/reciclatuspilas.com\/unapiladerazones\/wp-json\/wp\/v2\/pages\/194\/revisions"}],"predecessor-version":[{"id":195,"href":"https:\/\/reciclatuspilas.com\/unapiladerazones\/wp-json\/wp\/v2\/pages\/194\/revisions\/195"}],"wp:attachment":[{"href":"https:\/\/reciclatuspilas.com\/unapiladerazones\/wp-json\/wp\/v2\/media?parent=194"}],"curies":[{"name":"wp","href":"https:\/\/api.w.org\/{rel}","templated":true}]}}