{"id":189,"date":"2024-07-11T14:37:03","date_gmt":"2024-07-11T12:37:03","guid":{"rendered":"https:\/\/reciclatuspilas.com\/unapiladerazones\/?page_id=189"},"modified":"2024-07-11T14:37:03","modified_gmt":"2024-07-11T12:37:03","slug":"politica-de-cookies","status":"publish","type":"page","link":"https:\/\/reciclatuspilas.com\/unapiladerazones\/politica-de-cookies\/","title":{"rendered":"Pol\u00edtica de cookies"},"content":{"rendered":"\n<p>Este sitio utiliza cookies con el objetivo de prestar un mejor servicio y proporcionarle una mejor experiencia en su navegaci\u00f3n. Queremos informarle de manera clara y precisa sobre las cookies que utilizamos, detallando a continuaci\u00f3n, que es una cookie, para que sirve, que tipos de cookies utilizamos, cuales son su finalidad y como puedes configurarlas o deshabilitarlas si as\u00ed lo deseas.<\/p>\n\n\n\n<h3 class=\"wp-block-heading\">Definici\u00f3n y funci\u00f3n de las cookies<\/h3>\n\n\n\n<p>Una cookie es un fichero que se descarga en tu ordenador, tablet, smartphone o cualquier otro dispositivo de informaci\u00f3n sobre la navegaci\u00f3n al acceder a una determinada p\u00e1gina web. Las cookies permiten a dicha p\u00e1gina web, entre otras cosas, almacenar y recuperar informaci\u00f3n sobre los h\u00e1bitos de navegaci\u00f3n de un usuario o de su equipo y, dependiendo de la informaci\u00f3n que contengan y de la forma en que utilice su equipo, pueden utilizarse para reconocer al usuario y mejorar el servicio ofrecido.<\/p>\n\n\n\n<h3 class=\"wp-block-heading\">Tipos de cookies<\/h3>\n\n\n\n<p>Este sitio emplea cookies propias y cookies de terceros, pudiendo tratarse de cookies de sesi\u00f3n o cookies persistentes.<\/p>\n\n\n\n<p>El uso de estas cookies nos permite optimizar tu navegaci\u00f3n, adaptando la informaci\u00f3n y los servicios ofrecidos a tus intereses, para proporcionarte una experiencia m\u00e1s \u00e1gil e intuitiva. Las cookies permiten cuantificar el n\u00famero de usuarios y as\u00ed realizar una medici\u00f3n y an\u00e1lisis estad\u00edstico del uso que hacen los usuarios del servicio ofertado con el fin de mejorar la oferta de productos o servicios que ofrecemos.<\/p>\n\n\n\n<p>Las cookies se asocian \u00fanicamente a un usuario an\u00f3nimo y su ordenador\/dispositivo y no proporcionan referencias que permitan conocer datos personales.<\/p>\n\n\n\n<p>reciclatuspilas.com no utiliza cookies publicitarias de terceros.<\/p>\n\n\n\n<h4 class=\"wp-block-heading\">Tipos de cookies seg\u00fan la entidad que la gestiona<\/h4>\n\n\n\n<h5 class=\"wp-block-heading\">Cookies de terceros<\/h5>\n\n\n\n<p>Este sitio utiliza Google Analytics, un servicio de anal\u00edtica web desarrollado por Google Inc., que permite la medici\u00f3n y an\u00e1lisis de la navegaci\u00f3n en las p\u00e1ginas web. Las cookies utilizadas por Google Analytics para control estad\u00edstico de accesos son:<\/p>\n\n\n\n<ul class=\"wp-block-list\">\n<li>_ga: se usa para distinguir a los usuarios. Tiene una caducidad de dos a\u00f1os a partir de su creaci\u00f3n.<\/li>\n\n\n\n<li>_gid: se usa para distinguir a los usuarios. Tiene una caducidad de 24 horas a partir de su creaci\u00f3n.<\/li>\n\n\n\n<li>_gat: se usa para limitar el porcentaje de solicitudes. Tiene una caducidad de 1 minuto a partir de su creaci\u00f3n.<\/li>\n\n\n\n<li>_utma: Es el identificador de visitantes. Guarda informaci\u00f3n relativa a la sesi\u00f3n y tiene una caducidad de dos a\u00f1os a partir de su creaci\u00f3n.<\/li>\n\n\n\n<li>_utmb: Se utiliza para conocer el tiempo que pasa el usuario en nuestra p\u00e1gina web y el n\u00famero de p\u00e1ginas que visita. Esta cookie expira a los 30 minutos.<\/li>\n\n\n\n<li>_utmc: Esta cookie se utiliza de forma conjunta con __utmb para determinar si se establece una nueva sesi\u00f3n para el usuario. Esta cookie expira cuando se cierra el navegador.<\/li>\n\n\n\n<li>_utmz: Esta cookie se utiliza para realizar la atribuci\u00f3n de la visita, es decir, desde d\u00f3nde y c\u00f3mo ha llegado el usuario a nuestra web. Tiene una duraci\u00f3n de 6 meses.<\/li>\n<\/ul>\n\n\n\n<p>Puedes encontrar m\u00e1s informaci\u00f3n al respecto e inhabilitar el uso de estas cookies:&nbsp;<a href=\"https:\/\/policies.google.com\/privacy\" target=\"_blank\" rel=\"noreferrer noopener\">www.google.com\/policies\/privacy\/<\/a><\/p>\n\n\n\n<h3 class=\"wp-block-heading\">Tipos de cookies seg\u00fan el plazo de tiempo que permanecen activadas<\/h3>\n\n\n\n<ul class=\"wp-block-list\">\n<li><strong>Cookies de sesi\u00f3n:<\/strong>\u00a0son cookies temporales que permanecen en el archivo de cookies de tu navegador hasta que abandonas la p\u00e1gina web, por lo que ninguna queda registrada en el disco duro de tu ordenador. La informaci\u00f3n obtenida por medio de estas cookies sirve para analizar pautas de tr\u00e1fico en la web. A la larga, esto nos permite proporcionar una mejor experiencia para mejorar el contenido y facilitar su uso.<\/li>\n\n\n\n<li><strong>Cookies persistentes:<\/strong>\u00a0son almacenadas en el disco duro y nuestra web las lee cada vez que realizas una nueva visita. Una web permanente posee una fecha de expiraci\u00f3n determinada. La cookie dejar\u00e1 de funcionar despu\u00e9s de esa fecha. Estas cookies las utilizamos, generalmente, para facilitar los servicios de compra y registro.<\/li>\n<\/ul>\n\n\n\n<h3 class=\"wp-block-heading\">Tipos de cookies seg\u00fan su finalidad<\/h3>\n\n\n\n<ul class=\"wp-block-list\">\n<li><strong>Cookies t\u00e9cnicas:<\/strong>\u00a0son aquellas necesarias para la navegaci\u00f3n y el buen funcionamiento de nuestra p\u00e1gina web. Permiten por ejemplo, controlar el tr\u00e1fico y la comunicaci\u00f3n de datos, acceder a partes de acceso restringido, realizar el proceso de compra de un pedido, utilizar elementos de seguridad, almacenar contenidos para poder difundir v\u00eddeos o compartir contenidos a trav\u00e9s de redes sociales.<\/li>\n\n\n\n<li><strong>Cookies de personalizaci\u00f3n:<\/strong>\u00a0son aqu\u00e9llas que te permiten acceder al servicio con unas caracter\u00edsticas predefinidas en funci\u00f3n de una serie de criterios, como por ejemplo el idioma, el tipo de navegador a trav\u00e9s del cual se accede al servicio, la configuraci\u00f3n regional desde donde se accede al servicio, etc.<\/li>\n\n\n\n<li><strong>Cookies de an\u00e1lisis:<\/strong>\u00a0son aqu\u00e9llas que nos permiten cuantificar el n\u00famero de usuarios y as\u00ed realizar la medici\u00f3n y an\u00e1lisis estad\u00edstico de la utilizaci\u00f3n que hacen los usuarios de los servicios prestados.<\/li>\n<\/ul>\n\n\n\n<p>Para ello se analiza su navegaci\u00f3n en nuestra p\u00e1gina web con el fin de mejorar la oferta de productos y servicios que ofrecemos.<\/p>\n\n\n\n<ul class=\"wp-block-list\">\n<li><strong>Cookies publicitarias:\u00a0<\/strong>son aqu\u00e9llas que permiten la gesti\u00f3n, de la forma m\u00e1s eficaz posible, de los espacios publicitarios que se pudieran incluir en nuestra p\u00e1gina web.<\/li>\n\n\n\n<li><strong>Cookies de publicidad comportamental:<\/strong>\u00a0estas cookies almacenan informaci\u00f3n del comportamiento de los usuarios obtenida a trav\u00e9s de la observaci\u00f3n continuada. Gracias a ellas, podemos conocer los h\u00e1bitos de navegaci\u00f3n en internet y mostrarte publicidad relacionada con tu perfil de navegaci\u00f3n<\/li>\n<\/ul>\n\n\n\n<h3 class=\"wp-block-heading\">Consentimiento<\/h3>\n\n\n\n<p>Al navegar y continuar en nuestra p\u00e1gina web consientes el uso de las cookies descritas en las condiciones expresadas.<\/p>\n\n\n\n<h5 class=\"wp-block-heading\">Modificar la configuraci\u00f3n de las cookies para desactivarlas.<\/h5>\n\n\n\n<p>Puedes restringir, bloquear o eliminar las cookies instaladas en tu equipo mediante la configuraci\u00f3n de las opciones del navegador instalado en tu ordenador:<\/p>\n\n\n\n<ul class=\"wp-block-list\">\n<li><a href=\"https:\/\/support.microsoft.com\/es-es\/help\/17442\/windows-internet-explorer-delete-manage-cookies#ie=%E2%80%9Die-10%E2%80%B3\" target=\"_blank\" rel=\"noreferrer noopener\">Internet Explorer<\/a><\/li>\n\n\n\n<li><a href=\"https:\/\/support.mozilla.org\/es\/kb\/Borrar%20cookies\" target=\"_blank\" rel=\"noreferrer noopener\">FireFox<\/a><\/li>\n\n\n\n<li><a href=\"https:\/\/support.google.com\/chrome\/answer\/95647?hl=%E2%80%9Des%E2%80%9D\" target=\"_blank\" rel=\"noreferrer noopener\">Chrome<\/a><\/li>\n\n\n\n<li><a href=\"https:\/\/www.apple.com\/legal\/privacy\/es\/cookies\/\" target=\"_blank\" rel=\"noreferrer noopener\">Safari<\/a><\/li>\n\n\n\n<li><a href=\"https:\/\/help.opera.com\/en\/latest\/web-preferences\/#cookies\" target=\"_blank\" rel=\"noreferrer noopener\">Opera<\/a><\/li>\n<\/ul>\n\n\n\n<p>La configuraci\u00f3n de tu navegador para rechazar todas las cookies o, expresamente las cookies de reciclatupilas.com, no te impedir\u00e1 navegar por la p\u00e1gina web, aunque dicha navegaci\u00f3n no podr\u00e1 disfrutar de las funcionalidades que requieran la instalaci\u00f3n de alguna de ellas, en concreto, las funcionalidades indicadas en las cookies anteriores.<\/p>\n\n\n\n<h3 class=\"wp-block-heading\">Detalle en relaci\u00f3n a Google Analytics<\/h3>\n\n\n\n<p>Este sitio&nbsp;utiliza Google Analytics, un servicio de an\u00e1lisis web de Google Inc. (Google). Google Analytics utiliza cookies, archivos de texto que se almacenan en su ordenador y nos ayudan a analizar el uso del sitio web. La informaci\u00f3n relativa al uso de este sitio web que genera la cookie se transfiere a un servidor de Google en los EE.UU., donde se almacena. Google utilizar\u00e1 esta informaci\u00f3n para tres prop\u00f3sitos: para evaluar el uso del sitio web; para compilar informes sobre las actividades del website y, para ofrecer otros servicios relacionados con el uso del sitio web e Internet. Google podr\u00e1 transmitir dicha informaci\u00f3n a terceros, si esto est\u00e1 legalmente prescrito o si dichos terceros procesan estos datos en nombre de Google. Bajo ninguna circunstancia Google vincula su direcci\u00f3n IP con otros datos de Google. Google Inc. es una empresa adherida al Acuerdo de Puerto Seguro. Este acuerdo garantiza que los datos transferidos ser\u00e1n tratados con un nivel de protecci\u00f3n acorde a la normativa europea. Puede impedir la instalaci\u00f3n de las cookies modificando la configuraci\u00f3n apropiada de su navegador. Sin embargo, nos gustar\u00eda se\u00f1alar que en tal caso puede no ser capaz de utilizar todas las funciones del sitio. Mediante el uso de este sitio web, usted expresa autom\u00e1ticamente su consentimiento para que los datos recogidos por Google sean procesados en la forma y con el prop\u00f3sito descrito anteriormente. En caso de que deshabilite el uso de cookies de Google Analytics para este sitio web, se grabar\u00e1 una cookie adicional al efecto que ser\u00e1 almacenada en su ordenador.<\/p>\n","protected":false},"excerpt":{"rendered":"<p>Este sitio utiliza cookies con el objetivo de prestar un mejor servicio y proporcionarle una mejor experiencia en su navegaci\u00f3n. Queremos informarle de manera clara y precisa sobre las cookies [&hellip;]<\/p>\n","protected":false},"author":1,"featured_media":0,"parent":0,"menu_order":0,"comment_status":"closed","ping_status":"closed","template":"","meta":{"_genesis_hide_title":false,"_genesis_hide_breadcrumbs":false,"_genesis_hide_singular_image":false,"_genesis_hide_footer_widgets":false,"_genesis_custom_body_class":"","_genesis_custom_post_class":"","_genesis_layout":"","_EventAllDay":false,"_EventTimezone":"","_EventStartDate":"","_EventEndDate":"","_EventStartDateUTC":"","_EventEndDateUTC":"","_EventShowMap":false,"_EventShowMapLink":false,"_EventURL":"","_EventCost":"","_EventCostDescription":"","_EventCurrencySymbol":"","_EventCurrencyCode":"","_EventCurrencyPosition":"","_EventDateTimeSeparator":"","_EventTimeRangeSeparator":"","_EventOrganizerID":[],"_EventVenueID":[],"_OrganizerEmail":"","_OrganizerPhone":"","_OrganizerWebsite":"","_VenueAddress":"","_VenueCity":"","_VenueCountry":"","_VenueProvince":"","_VenueState":"","_VenueZip":"","_VenuePhone":"","_VenueURL":"","_VenueStateProvince":"","_VenueLat":"","_VenueLng":"","_VenueShowMap":false,"_VenueShowMapLink":false,"footnotes":""},"class_list":["post-189","page","type-page","status-publish","entry","one-third"],"yoast_head":"<!-- This site is optimized with the Yoast SEO plugin v26.2 - https:\/\/yoast.com\/wordpress\/plugins\/seo\/ -->\n<title>Pol\u00edtica de cookies - Una Pila de Razones<\/title>\n<meta name=\"robots\" content=\"index, follow, max-snippet:-1, max-image-preview:large, max-video-preview:-1\" \/>\n<link rel=\"canonical\" href=\"https:\/\/reciclatuspilas.com\/unapiladerazones\/politica-de-cookies\/\" \/>\n<meta property=\"og:locale\" content=\"es_ES\" \/>\n<meta property=\"og:type\" content=\"article\" \/>\n<meta property=\"og:title\" content=\"Pol\u00edtica de cookies - Una Pila de Razones\" \/>\n<meta property=\"og:description\" content=\"Este sitio utiliza cookies con el objetivo de prestar un mejor servicio y proporcionarle una mejor experiencia en su navegaci\u00f3n. Queremos informarle de manera clara y precisa sobre las cookies [&hellip;]\" \/>\n<meta property=\"og:url\" content=\"https:\/\/reciclatuspilas.com\/unapiladerazones\/politica-de-cookies\/\" \/>\n<meta property=\"og:site_name\" content=\"Una Pila de Razones\" \/>\n<meta property=\"article:publisher\" content=\"https:\/\/www.facebook.com\/ReciclatuspilasAndalucia\" \/>\n<meta name=\"twitter:card\" content=\"summary_large_image\" \/>\n<meta name=\"twitter:site\" content=\"@ReciclaPilasAnd\" \/>\n<meta name=\"twitter:label1\" content=\"Tiempo de lectura\" \/>\n\t<meta name=\"twitter:data1\" content=\"7 minutos\" \/>\n<script type=\"application\/ld+json\" class=\"yoast-schema-graph\">{\"@context\":\"https:\/\/schema.org\",\"@graph\":[{\"@type\":\"WebPage\",\"@id\":\"https:\/\/reciclatuspilas.com\/unapiladerazones\/politica-de-cookies\/\",\"url\":\"https:\/\/reciclatuspilas.com\/unapiladerazones\/politica-de-cookies\/\",\"name\":\"Pol\u00edtica de cookies - Una Pila de Razones\",\"isPartOf\":{\"@id\":\"https:\/\/reciclatuspilas.com\/unapiladerazones\/#website\"},\"datePublished\":\"2024-07-11T12:37:03+00:00\",\"breadcrumb\":{\"@id\":\"https:\/\/reciclatuspilas.com\/unapiladerazones\/politica-de-cookies\/#breadcrumb\"},\"inLanguage\":\"es\",\"potentialAction\":[{\"@type\":\"ReadAction\",\"target\":[\"https:\/\/reciclatuspilas.com\/unapiladerazones\/politica-de-cookies\/\"]}]},{\"@type\":\"BreadcrumbList\",\"@id\":\"https:\/\/reciclatuspilas.com\/unapiladerazones\/politica-de-cookies\/#breadcrumb\",\"itemListElement\":[{\"@type\":\"ListItem\",\"position\":1,\"name\":\"Portada\",\"item\":\"https:\/\/reciclatuspilas.com\/unapiladerazones\/\"},{\"@type\":\"ListItem\",\"position\":2,\"name\":\"Pol\u00edtica de cookies\"}]},{\"@type\":\"WebSite\",\"@id\":\"https:\/\/reciclatuspilas.com\/unapiladerazones\/#website\",\"url\":\"https:\/\/reciclatuspilas.com\/unapiladerazones\/\",\"name\":\"Una Pila de Razones\",\"description\":\"Recicla Tus Pilas Andaluc\u00eda\",\"publisher\":{\"@id\":\"https:\/\/reciclatuspilas.com\/unapiladerazones\/#organization\"},\"potentialAction\":[{\"@type\":\"SearchAction\",\"target\":{\"@type\":\"EntryPoint\",\"urlTemplate\":\"https:\/\/reciclatuspilas.com\/unapiladerazones\/?s={search_term_string}\"},\"query-input\":{\"@type\":\"PropertyValueSpecification\",\"valueRequired\":true,\"valueName\":\"search_term_string\"}}],\"inLanguage\":\"es\"},{\"@type\":\"Organization\",\"@id\":\"https:\/\/reciclatuspilas.com\/unapiladerazones\/#organization\",\"name\":\"Una Pila de Razones\",\"url\":\"https:\/\/reciclatuspilas.com\/unapiladerazones\/\",\"logo\":{\"@type\":\"ImageObject\",\"inLanguage\":\"es\",\"@id\":\"https:\/\/reciclatuspilas.com\/unapiladerazones\/#\/schema\/logo\/image\/\",\"url\":\"https:\/\/reciclatuspilas.com\/unapiladerazones\/wp-content\/uploads\/2024\/07\/main-title-blue.svg\",\"contentUrl\":\"https:\/\/reciclatuspilas.com\/unapiladerazones\/wp-content\/uploads\/2024\/07\/main-title-blue.svg\",\"width\":1,\"height\":1,\"caption\":\"Una Pila de Razones\"},\"image\":{\"@id\":\"https:\/\/reciclatuspilas.com\/unapiladerazones\/#\/schema\/logo\/image\/\"},\"sameAs\":[\"https:\/\/www.facebook.com\/ReciclatuspilasAndalucia\",\"https:\/\/x.com\/ReciclaPilasAnd\",\"https:\/\/www.instagram.com\/reciclatuspilasandalucia\",\"https:\/\/www.linkedin.com\/company\/19140274\",\"https:\/\/www.youtube.com\/channel\/UCKufkPoVxtZ0YNca9GgLTZQ\"]}]}<\/script>\n<!-- \/ Yoast SEO plugin. -->","yoast_head_json":{"title":"Pol\u00edtica de cookies - Una Pila de Razones","robots":{"index":"index","follow":"follow","max-snippet":"max-snippet:-1","max-image-preview":"max-image-preview:large","max-video-preview":"max-video-preview:-1"},"canonical":"https:\/\/reciclatuspilas.com\/unapiladerazones\/politica-de-cookies\/","og_locale":"es_ES","og_type":"article","og_title":"Pol\u00edtica de cookies - Una Pila de Razones","og_description":"Este sitio utiliza cookies con el objetivo de prestar un mejor servicio y proporcionarle una mejor experiencia en su navegaci\u00f3n. Queremos informarle de manera clara y precisa sobre las cookies [&hellip;]","og_url":"https:\/\/reciclatuspilas.com\/unapiladerazones\/politica-de-cookies\/","og_site_name":"Una Pila de Razones","article_publisher":"https:\/\/www.facebook.com\/ReciclatuspilasAndalucia","twitter_card":"summary_large_image","twitter_site":"@ReciclaPilasAnd","twitter_misc":{"Tiempo de lectura":"7 minutos"},"schema":{"@context":"https:\/\/schema.org","@graph":[{"@type":"WebPage","@id":"https:\/\/reciclatuspilas.com\/unapiladerazones\/politica-de-cookies\/","url":"https:\/\/reciclatuspilas.com\/unapiladerazones\/politica-de-cookies\/","name":"Pol\u00edtica de cookies - Una Pila de Razones","isPartOf":{"@id":"https:\/\/reciclatuspilas.com\/unapiladerazones\/#website"},"datePublished":"2024-07-11T12:37:03+00:00","breadcrumb":{"@id":"https:\/\/reciclatuspilas.com\/unapiladerazones\/politica-de-cookies\/#breadcrumb"},"inLanguage":"es","potentialAction":[{"@type":"ReadAction","target":["https:\/\/reciclatuspilas.com\/unapiladerazones\/politica-de-cookies\/"]}]},{"@type":"BreadcrumbList","@id":"https:\/\/reciclatuspilas.com\/unapiladerazones\/politica-de-cookies\/#breadcrumb","itemListElement":[{"@type":"ListItem","position":1,"name":"Portada","item":"https:\/\/reciclatuspilas.com\/unapiladerazones\/"},{"@type":"ListItem","position":2,"name":"Pol\u00edtica de cookies"}]},{"@type":"WebSite","@id":"https:\/\/reciclatuspilas.com\/unapiladerazones\/#website","url":"https:\/\/reciclatuspilas.com\/unapiladerazones\/","name":"Una Pila de Razones","description":"Recicla Tus Pilas Andaluc\u00eda","publisher":{"@id":"https:\/\/reciclatuspilas.com\/unapiladerazones\/#organization"},"potentialAction":[{"@type":"SearchAction","target":{"@type":"EntryPoint","urlTemplate":"https:\/\/reciclatuspilas.com\/unapiladerazones\/?s={search_term_string}"},"query-input":{"@type":"PropertyValueSpecification","valueRequired":true,"valueName":"search_term_string"}}],"inLanguage":"es"},{"@type":"Organization","@id":"https:\/\/reciclatuspilas.com\/unapiladerazones\/#organization","name":"Una Pila de Razones","url":"https:\/\/reciclatuspilas.com\/unapiladerazones\/","logo":{"@type":"ImageObject","inLanguage":"es","@id":"https:\/\/reciclatuspilas.com\/unapiladerazones\/#\/schema\/logo\/image\/","url":"https:\/\/reciclatuspilas.com\/unapiladerazones\/wp-content\/uploads\/2024\/07\/main-title-blue.svg","contentUrl":"https:\/\/reciclatuspilas.com\/unapiladerazones\/wp-content\/uploads\/2024\/07\/main-title-blue.svg","width":1,"height":1,"caption":"Una Pila de Razones"},"image":{"@id":"https:\/\/reciclatuspilas.com\/unapiladerazones\/#\/schema\/logo\/image\/"},"sameAs":["https:\/\/www.facebook.com\/ReciclatuspilasAndalucia","https:\/\/x.com\/ReciclaPilasAnd","https:\/\/www.instagram.com\/reciclatuspilasandalucia","https:\/\/www.linkedin.com\/company\/19140274","https:\/\/www.youtube.com\/channel\/UCKufkPoVxtZ0YNca9GgLTZQ"]}]}},"featured_image_src":null,"featured_image_src_square":null,"_links":{"self":[{"href":"https:\/\/reciclatuspilas.com\/unapiladerazones\/wp-json\/wp\/v2\/pages\/189","targetHints":{"allow":["GET"]}}],"collection":[{"href":"https:\/\/reciclatuspilas.com\/unapiladerazones\/wp-json\/wp\/v2\/pages"}],"about":[{"href":"https:\/\/reciclatuspilas.com\/unapiladerazones\/wp-json\/wp\/v2\/types\/page"}],"author":[{"embeddable":true,"href":"https:\/\/reciclatuspilas.com\/unapiladerazones\/wp-json\/wp\/v2\/users\/1"}],"replies":[{"embeddable":true,"href":"https:\/\/reciclatuspilas.com\/unapiladerazones\/wp-json\/wp\/v2\/comments?post=189"}],"version-history":[{"count":1,"href":"https:\/\/reciclatuspilas.com\/unapiladerazones\/wp-json\/wp\/v2\/pages\/189\/revisions"}],"predecessor-version":[{"id":190,"href":"https:\/\/reciclatuspilas.com\/unapiladerazones\/wp-json\/wp\/v2\/pages\/189\/revisions\/190"}],"wp:attachment":[{"href":"https:\/\/reciclatuspilas.com\/unapiladerazones\/wp-json\/wp\/v2\/media?parent=189"}],"curies":[{"name":"wp","href":"https:\/\/api.w.org\/{rel}","templated":true}]}}