{"id":173,"date":"2024-07-11T14:25:49","date_gmt":"2024-07-11T12:25:49","guid":{"rendered":"https:\/\/reciclatuspilas.com\/unapiladerazones\/?page_id=173"},"modified":"2025-10-28T17:03:32","modified_gmt":"2025-10-28T16:03:32","slug":"recicla-y-gana","status":"publish","type":"page","link":"https:\/\/reciclatuspilas.com\/unapiladerazones\/recicla-y-gana\/","title":{"rendered":"Recicla y gana"},"content":{"rendered":"\n<figure class=\"wp-block-image size-full is-style-default\"><img loading=\"lazy\" decoding=\"async\" width=\"720\" height=\"544\" src=\"https:\/\/reciclatuspilas.com\/unapiladerazones\/wp-content\/uploads\/2024\/09\/grafica-concurso-web.jpg\" alt=\"\" class=\"wp-image-1558\"\/><\/figure>\n\n\n\n<div style=\"color:#ddd\" class=\"wp-block-genesis-blocks-gb-spacer gb-block-spacer gb-divider-solid gb-divider-size-1\"><hr style=\"height:30px\"\/><\/div>\n\n\n\n<div class=\"_widget\" id=\"ep_frame_1001587\" style=\"width:100%;\"><\/div><script type=\"text\/javascript\" src=\"https:\/\/wlcdn.cstmapp.com\/widget\/widget_embed_adaptable.js?v=3.6.5\" data-cfasync=\"false\"><\/script><script type=\"text\/javascript\" src=\"https:\/\/wlcdn.cstmapp.com\/js\/jquery.ba-postmessage.js?v=3.6.5\" data-cfasync=\"false\"><\/script><script type=\"text\/javascript\">if(typeof(EasyEmbedAdaptable) !== \"undefined\") { EasyEmbedAdaptable.init({ container_id:\"ep_frame_1001587\", domain:\"https:\/\/a.cstmapp.com\/\", gets:\"micro=1&utm_source=widget&utm_medium=embed\", max_height:\"300%\", promo_id:1001587 }); }<\/script>\n\n\n\n<div style=\"color:#ddd\" class=\"wp-block-genesis-blocks-gb-spacer gb-block-spacer gb-divider-solid gb-divider-size-1\"><hr style=\"height:30px\"\/><\/div>\n\n\n\n<h2 class=\"wp-block-heading\">C\u00f3mo conseguir una noche con cena en Paradores<\/h2>\n\n\n\n<p>La campa\u00f1a \u2018Una Pila de Razones\u2019, impulsada por Recicla tus Pilas Andaluc\u00eda, recorrer\u00e1 toda la regi\u00f3n <strong>del 30 de octubre de 2025 al 22 de abril de 2026<\/strong>, para que puedas contribuir con el medio ambiente reciclando tus residuos de pilas y acumuladores (RPA). No solo estar\u00e1s ayudando a conservar el medio ambiente, sino que tambi\u00e9n podr\u00e1s ganar una caja regalo que incluye una estancia de una noche para 2 personas con desayuno y almuerzo o cena en Paradores.<\/p>\n\n\n\n<p>Para participar en el sorteo, que se realizar\u00e1 de manera online, necesitar\u00e1s uno de los<strong> c\u00f3digos alfanum\u00e9ricos que se entregar\u00e1n en los puntos informativos <\/strong>de la campa\u00f1a. Estos c\u00f3digos ser\u00e1n de un solo uso y, adem\u00e1s, deber\u00e1s disponer de una direcci\u00f3n de email v\u00e1lida para registrarte. La visita al punto informativo es indispensable para obtener el c\u00f3digo de participaci\u00f3n.<\/p>\n\n\n\n<p>Para participar solo tienes que seguir estos pasos:<\/p>\n\n\n\n<ol class=\"wp-block-list\">\n<li><strong>Visita alguno de los puntos<\/strong> de la campa\u00f1a \u2018Una Pila de Razones repartidos por toda Andaluc\u00eda. Puedes consultarlos aqu\u00ed.<\/li>\n\n\n\n<li>Inf\u00f3rmate de la iniciativa,<strong> participa en las actividades<\/strong> junto a los informadores y lleva tus RPA a reciclar. Los informadores te har\u00e1n entrega de un c\u00f3digo para participar en el sorteo online.<\/li>\n\n\n\n<li><strong>Participa en el sorteo<\/strong> online a trav\u00e9s de las tablets de los informadores o en tu dispositivo m\u00f3vil.<\/li>\n<\/ol>\n\n\n\n<p>Sigue los pasos que encontrar\u00e1s:<\/p>\n\n\n\n<ul class=\"wp-block-list\">\n<li>Inserta el c\u00f3digo.<\/li>\n\n\n\n<li>Introduce tus datos y selecciona la provincia desde la que participas.<\/li>\n\n\n\n<li>Descubre tu premio*.<\/li>\n<\/ul>\n\n\n\n<p>\u00a1Mucha suerte!<\/p>\n\n\n\n<p class=\"has-small-font-size\">Puedes consultar las bases del concurso <a href=\"https:\/\/reciclatuspilas.com\/unapiladerazones\/wp-content\/uploads\/2025\/10\/bases-concurso-unapiladerazones-2025.pdf\" target=\"_blank\" rel=\"noreferrer noopener\">aqu\u00ed<\/a>.<\/p>\n\n\n\n<p><\/p>\n","protected":false},"excerpt":{"rendered":"<p>C\u00f3mo conseguir una noche con cena en Paradores La campa\u00f1a \u2018Una Pila de Razones\u2019, impulsada por Recicla tus Pilas Andaluc\u00eda, recorrer\u00e1 toda la regi\u00f3n del 30 de octubre de 2025 [&hellip;]<\/p>\n","protected":false},"author":1,"featured_media":93,"parent":0,"menu_order":0,"comment_status":"closed","ping_status":"closed","template":"","meta":{"_genesis_hide_title":false,"_genesis_hide_breadcrumbs":false,"_genesis_hide_singular_image":false,"_genesis_hide_footer_widgets":false,"_genesis_custom_body_class":"","_genesis_custom_post_class":"","_genesis_layout":"","_EventAllDay":false,"_EventTimezone":"","_EventStartDate":"","_EventEndDate":"","_EventStartDateUTC":"","_EventEndDateUTC":"","_EventShowMap":false,"_EventShowMapLink":false,"_EventURL":"","_EventCost":"","_EventCostDescription":"","_EventCurrencySymbol":"","_EventCurrencyCode":"","_EventCurrencyPosition":"","_EventDateTimeSeparator":"","_EventTimeRangeSeparator":"","_EventOrganizerID":[],"_EventVenueID":[],"_OrganizerEmail":"","_OrganizerPhone":"","_OrganizerWebsite":"","_VenueAddress":"","_VenueCity":"","_VenueCountry":"","_VenueProvince":"","_VenueState":"","_VenueZip":"","_VenuePhone":"","_VenueURL":"","_VenueStateProvince":"","_VenueLat":"","_VenueLng":"","_VenueShowMap":false,"_VenueShowMapLink":false,"footnotes":""},"class_list":["post-173","page","type-page","status-publish","has-post-thumbnail","entry","one-third"],"yoast_head":"<!-- This site is optimized with the Yoast SEO plugin v26.2 - https:\/\/yoast.com\/wordpress\/plugins\/seo\/ -->\n<title>Recicla y gana - Una Pila de Razones<\/title>\n<meta name=\"description\" content=\"En la campa\u00f1a \u2018Una Pila de Razones\u2019 no solo estar\u00e1s ayudando a conservar el medio ambiente, sino que tambi\u00e9n podr\u00e1s ganar regalos.\" \/>\n<meta name=\"robots\" content=\"index, follow, max-snippet:-1, max-image-preview:large, max-video-preview:-1\" \/>\n<link rel=\"canonical\" href=\"https:\/\/reciclatuspilas.com\/unapiladerazones\/recicla-y-gana\/\" \/>\n<meta property=\"og:locale\" content=\"es_ES\" \/>\n<meta property=\"og:type\" content=\"article\" \/>\n<meta property=\"og:title\" content=\"Recicla y gana - Una Pila de Razones\" \/>\n<meta property=\"og:description\" content=\"En la campa\u00f1a \u2018Una Pila de Razones\u2019 no solo estar\u00e1s ayudando a conservar el medio ambiente, sino que tambi\u00e9n podr\u00e1s ganar regalos.\" \/>\n<meta property=\"og:url\" content=\"https:\/\/reciclatuspilas.com\/unapiladerazones\/recicla-y-gana\/\" \/>\n<meta property=\"og:site_name\" content=\"Una Pila de Razones\" \/>\n<meta property=\"article:publisher\" content=\"https:\/\/www.facebook.com\/ReciclatuspilasAndalucia\" \/>\n<meta property=\"article:modified_time\" content=\"2025-10-28T16:03:32+00:00\" \/>\n<meta property=\"og:image\" content=\"https:\/\/reciclatuspilas.com\/unapiladerazones\/wp-content\/uploads\/2024\/07\/pilas_recortadas.png\" \/>\n\t<meta property=\"og:image:width\" content=\"654\" \/>\n\t<meta property=\"og:image:height\" content=\"720\" \/>\n\t<meta property=\"og:image:type\" content=\"image\/png\" \/>\n<meta name=\"twitter:card\" content=\"summary_large_image\" \/>\n<meta name=\"twitter:site\" content=\"@ReciclaPilasAnd\" \/>\n<meta name=\"twitter:label1\" content=\"Tiempo de lectura\" \/>\n\t<meta name=\"twitter:data1\" content=\"2 minutos\" \/>\n<script type=\"application\/ld+json\" class=\"yoast-schema-graph\">{\"@context\":\"https:\/\/schema.org\",\"@graph\":[{\"@type\":\"WebPage\",\"@id\":\"https:\/\/reciclatuspilas.com\/unapiladerazones\/recicla-y-gana\/\",\"url\":\"https:\/\/reciclatuspilas.com\/unapiladerazones\/recicla-y-gana\/\",\"name\":\"Recicla y gana - Una Pila de Razones\",\"isPartOf\":{\"@id\":\"https:\/\/reciclatuspilas.com\/unapiladerazones\/#website\"},\"primaryImageOfPage\":{\"@id\":\"https:\/\/reciclatuspilas.com\/unapiladerazones\/recicla-y-gana\/#primaryimage\"},\"image\":{\"@id\":\"https:\/\/reciclatuspilas.com\/unapiladerazones\/recicla-y-gana\/#primaryimage\"},\"thumbnailUrl\":\"https:\/\/reciclatuspilas.com\/unapiladerazones\/wp-content\/uploads\/2024\/07\/pilas_recortadas.png\",\"datePublished\":\"2024-07-11T12:25:49+00:00\",\"dateModified\":\"2025-10-28T16:03:32+00:00\",\"description\":\"En la campa\u00f1a \u2018Una Pila de Razones\u2019 no solo estar\u00e1s ayudando a conservar el medio ambiente, sino que tambi\u00e9n podr\u00e1s ganar regalos.\",\"breadcrumb\":{\"@id\":\"https:\/\/reciclatuspilas.com\/unapiladerazones\/recicla-y-gana\/#breadcrumb\"},\"inLanguage\":\"es\",\"potentialAction\":[{\"@type\":\"ReadAction\",\"target\":[\"https:\/\/reciclatuspilas.com\/unapiladerazones\/recicla-y-gana\/\"]}]},{\"@type\":\"ImageObject\",\"inLanguage\":\"es\",\"@id\":\"https:\/\/reciclatuspilas.com\/unapiladerazones\/recicla-y-gana\/#primaryimage\",\"url\":\"https:\/\/reciclatuspilas.com\/unapiladerazones\/wp-content\/uploads\/2024\/07\/pilas_recortadas.png\",\"contentUrl\":\"https:\/\/reciclatuspilas.com\/unapiladerazones\/wp-content\/uploads\/2024\/07\/pilas_recortadas.png\",\"width\":654,\"height\":720},{\"@type\":\"BreadcrumbList\",\"@id\":\"https:\/\/reciclatuspilas.com\/unapiladerazones\/recicla-y-gana\/#breadcrumb\",\"itemListElement\":[{\"@type\":\"ListItem\",\"position\":1,\"name\":\"Portada\",\"item\":\"https:\/\/reciclatuspilas.com\/unapiladerazones\/\"},{\"@type\":\"ListItem\",\"position\":2,\"name\":\"Recicla y gana\"}]},{\"@type\":\"WebSite\",\"@id\":\"https:\/\/reciclatuspilas.com\/unapiladerazones\/#website\",\"url\":\"https:\/\/reciclatuspilas.com\/unapiladerazones\/\",\"name\":\"Una Pila de Razones\",\"description\":\"Recicla Tus Pilas Andaluc\u00eda\",\"publisher\":{\"@id\":\"https:\/\/reciclatuspilas.com\/unapiladerazones\/#organization\"},\"potentialAction\":[{\"@type\":\"SearchAction\",\"target\":{\"@type\":\"EntryPoint\",\"urlTemplate\":\"https:\/\/reciclatuspilas.com\/unapiladerazones\/?s={search_term_string}\"},\"query-input\":{\"@type\":\"PropertyValueSpecification\",\"valueRequired\":true,\"valueName\":\"search_term_string\"}}],\"inLanguage\":\"es\"},{\"@type\":\"Organization\",\"@id\":\"https:\/\/reciclatuspilas.com\/unapiladerazones\/#organization\",\"name\":\"Una Pila de Razones\",\"url\":\"https:\/\/reciclatuspilas.com\/unapiladerazones\/\",\"logo\":{\"@type\":\"ImageObject\",\"inLanguage\":\"es\",\"@id\":\"https:\/\/reciclatuspilas.com\/unapiladerazones\/#\/schema\/logo\/image\/\",\"url\":\"https:\/\/reciclatuspilas.com\/unapiladerazones\/wp-content\/uploads\/2024\/07\/main-title-blue.svg\",\"contentUrl\":\"https:\/\/reciclatuspilas.com\/unapiladerazones\/wp-content\/uploads\/2024\/07\/main-title-blue.svg\",\"width\":1,\"height\":1,\"caption\":\"Una Pila de Razones\"},\"image\":{\"@id\":\"https:\/\/reciclatuspilas.com\/unapiladerazones\/#\/schema\/logo\/image\/\"},\"sameAs\":[\"https:\/\/www.facebook.com\/ReciclatuspilasAndalucia\",\"https:\/\/x.com\/ReciclaPilasAnd\",\"https:\/\/www.instagram.com\/reciclatuspilasandalucia\",\"https:\/\/www.linkedin.com\/company\/19140274\",\"https:\/\/www.youtube.com\/channel\/UCKufkPoVxtZ0YNca9GgLTZQ\"]}]}<\/script>\n<!-- \/ Yoast SEO plugin. -->","yoast_head_json":{"title":"Recicla y gana - Una Pila de Razones","description":"En la campa\u00f1a \u2018Una Pila de Razones\u2019 no solo estar\u00e1s ayudando a conservar el medio ambiente, sino que tambi\u00e9n podr\u00e1s ganar regalos.","robots":{"index":"index","follow":"follow","max-snippet":"max-snippet:-1","max-image-preview":"max-image-preview:large","max-video-preview":"max-video-preview:-1"},"canonical":"https:\/\/reciclatuspilas.com\/unapiladerazones\/recicla-y-gana\/","og_locale":"es_ES","og_type":"article","og_title":"Recicla y gana - Una Pila de Razones","og_description":"En la campa\u00f1a \u2018Una Pila de Razones\u2019 no solo estar\u00e1s ayudando a conservar el medio ambiente, sino que tambi\u00e9n podr\u00e1s ganar regalos.","og_url":"https:\/\/reciclatuspilas.com\/unapiladerazones\/recicla-y-gana\/","og_site_name":"Una Pila de Razones","article_publisher":"https:\/\/www.facebook.com\/ReciclatuspilasAndalucia","article_modified_time":"2025-10-28T16:03:32+00:00","og_image":[{"width":654,"height":720,"url":"https:\/\/reciclatuspilas.com\/unapiladerazones\/wp-content\/uploads\/2024\/07\/pilas_recortadas.png","type":"image\/png"}],"twitter_card":"summary_large_image","twitter_site":"@ReciclaPilasAnd","twitter_misc":{"Tiempo de lectura":"2 minutos"},"schema":{"@context":"https:\/\/schema.org","@graph":[{"@type":"WebPage","@id":"https:\/\/reciclatuspilas.com\/unapiladerazones\/recicla-y-gana\/","url":"https:\/\/reciclatuspilas.com\/unapiladerazones\/recicla-y-gana\/","name":"Recicla y gana - Una Pila de Razones","isPartOf":{"@id":"https:\/\/reciclatuspilas.com\/unapiladerazones\/#website"},"primaryImageOfPage":{"@id":"https:\/\/reciclatuspilas.com\/unapiladerazones\/recicla-y-gana\/#primaryimage"},"image":{"@id":"https:\/\/reciclatuspilas.com\/unapiladerazones\/recicla-y-gana\/#primaryimage"},"thumbnailUrl":"https:\/\/reciclatuspilas.com\/unapiladerazones\/wp-content\/uploads\/2024\/07\/pilas_recortadas.png","datePublished":"2024-07-11T12:25:49+00:00","dateModified":"2025-10-28T16:03:32+00:00","description":"En la campa\u00f1a \u2018Una Pila de Razones\u2019 no solo estar\u00e1s ayudando a conservar el medio ambiente, sino que tambi\u00e9n podr\u00e1s ganar regalos.","breadcrumb":{"@id":"https:\/\/reciclatuspilas.com\/unapiladerazones\/recicla-y-gana\/#breadcrumb"},"inLanguage":"es","potentialAction":[{"@type":"ReadAction","target":["https:\/\/reciclatuspilas.com\/unapiladerazones\/recicla-y-gana\/"]}]},{"@type":"ImageObject","inLanguage":"es","@id":"https:\/\/reciclatuspilas.com\/unapiladerazones\/recicla-y-gana\/#primaryimage","url":"https:\/\/reciclatuspilas.com\/unapiladerazones\/wp-content\/uploads\/2024\/07\/pilas_recortadas.png","contentUrl":"https:\/\/reciclatuspilas.com\/unapiladerazones\/wp-content\/uploads\/2024\/07\/pilas_recortadas.png","width":654,"height":720},{"@type":"BreadcrumbList","@id":"https:\/\/reciclatuspilas.com\/unapiladerazones\/recicla-y-gana\/#breadcrumb","itemListElement":[{"@type":"ListItem","position":1,"name":"Portada","item":"https:\/\/reciclatuspilas.com\/unapiladerazones\/"},{"@type":"ListItem","position":2,"name":"Recicla y gana"}]},{"@type":"WebSite","@id":"https:\/\/reciclatuspilas.com\/unapiladerazones\/#website","url":"https:\/\/reciclatuspilas.com\/unapiladerazones\/","name":"Una Pila de Razones","description":"Recicla Tus Pilas Andaluc\u00eda","publisher":{"@id":"https:\/\/reciclatuspilas.com\/unapiladerazones\/#organization"},"potentialAction":[{"@type":"SearchAction","target":{"@type":"EntryPoint","urlTemplate":"https:\/\/reciclatuspilas.com\/unapiladerazones\/?s={search_term_string}"},"query-input":{"@type":"PropertyValueSpecification","valueRequired":true,"valueName":"search_term_string"}}],"inLanguage":"es"},{"@type":"Organization","@id":"https:\/\/reciclatuspilas.com\/unapiladerazones\/#organization","name":"Una Pila de Razones","url":"https:\/\/reciclatuspilas.com\/unapiladerazones\/","logo":{"@type":"ImageObject","inLanguage":"es","@id":"https:\/\/reciclatuspilas.com\/unapiladerazones\/#\/schema\/logo\/image\/","url":"https:\/\/reciclatuspilas.com\/unapiladerazones\/wp-content\/uploads\/2024\/07\/main-title-blue.svg","contentUrl":"https:\/\/reciclatuspilas.com\/unapiladerazones\/wp-content\/uploads\/2024\/07\/main-title-blue.svg","width":1,"height":1,"caption":"Una Pila de Razones"},"image":{"@id":"https:\/\/reciclatuspilas.com\/unapiladerazones\/#\/schema\/logo\/image\/"},"sameAs":["https:\/\/www.facebook.com\/ReciclatuspilasAndalucia","https:\/\/x.com\/ReciclaPilasAnd","https:\/\/www.instagram.com\/reciclatuspilasandalucia","https:\/\/www.linkedin.com\/company\/19140274","https:\/\/www.youtube.com\/channel\/UCKufkPoVxtZ0YNca9GgLTZQ"]}]}},"featured_image_src":"https:\/\/reciclatuspilas.com\/unapiladerazones\/wp-content\/uploads\/2024\/07\/pilas_recortadas-600x400.png","featured_image_src_square":"https:\/\/reciclatuspilas.com\/unapiladerazones\/wp-content\/uploads\/2024\/07\/pilas_recortadas-600x600.png","_links":{"self":[{"href":"https:\/\/reciclatuspilas.com\/unapiladerazones\/wp-json\/wp\/v2\/pages\/173","targetHints":{"allow":["GET"]}}],"collection":[{"href":"https:\/\/reciclatuspilas.com\/unapiladerazones\/wp-json\/wp\/v2\/pages"}],"about":[{"href":"https:\/\/reciclatuspilas.com\/unapiladerazones\/wp-json\/wp\/v2\/types\/page"}],"author":[{"embeddable":true,"href":"https:\/\/reciclatuspilas.com\/unapiladerazones\/wp-json\/wp\/v2\/users\/1"}],"replies":[{"embeddable":true,"href":"https:\/\/reciclatuspilas.com\/unapiladerazones\/wp-json\/wp\/v2\/comments?post=173"}],"version-history":[{"count":14,"href":"https:\/\/reciclatuspilas.com\/unapiladerazones\/wp-json\/wp\/v2\/pages\/173\/revisions"}],"predecessor-version":[{"id":3475,"href":"https:\/\/reciclatuspilas.com\/unapiladerazones\/wp-json\/wp\/v2\/pages\/173\/revisions\/3475"}],"wp:featuredmedia":[{"embeddable":true,"href":"https:\/\/reciclatuspilas.com\/unapiladerazones\/wp-json\/wp\/v2\/media\/93"}],"wp:attachment":[{"href":"https:\/\/reciclatuspilas.com\/unapiladerazones\/wp-json\/wp\/v2\/media?parent=173"}],"curies":[{"name":"wp","href":"https:\/\/api.w.org\/{rel}","templated":true}]}}